{"id":486,"date":"2022-03-14T20:01:30","date_gmt":"2022-03-14T11:01:30","guid":{"rendered":"https:\/\/nihongobox.jp\/asudoor\/?page_id=486"},"modified":"2026-01-01T23:03:24","modified_gmt":"2026-01-01T14:03:24","slug":"about-asudoor","status":"publish","type":"page","link":"https:\/\/nihongobox.jp\/asudoor\/pt\/about-asudoor\/","title":{"rendered":"ABOUT Asudoor"},"content":{"rendered":"\n<p class=\"has-very-dark-gray-color has-luminous-vivid-amber-background-color has-text-color has-background has-medium-font-size\"><strong>A crian\u00e7a ou adolescente frequenta a escola mas n\u00e3o entende bem as aulas<\/strong><\/p>\n\n\n\n<div class=\"wp-block-columns has-2-columns is-layout-flex wp-container-core-columns-is-layout-9d6595d7 wp-block-columns-is-layout-flex\">\n<div class=\"wp-block-column is-layout-flow wp-block-column-is-layout-flow\">\n<p>Apesar de frequenter as aulas, as palavras que aparecem s\u00e3o dif\u00edceis!<\/p>\n\n\n\n<p>Apesar de entender a maior parte das palavras usadas, o progresso do conte\u00fado \u00e9 muito r\u00e1pido\uff01<\/p>\n\n\n\n<p>Se voc\u00ea est\u00e1 com problemas, por que n\u00e3o estudar juntos?<\/p>\n\n\n\n<p>Podemos estudar com um pouco de anteced\u00eancia ou revisar uma parte que n\u00e3o entendeu bem. Para que voc\u00ea possa ter um pouco mais de tranquilidade nas atividades escolares e para que possa prosseguir no Ensino M\u00e9dio (Koukou) e tamb\u00e9m na Faculdade, estou aqui para ajudar.<\/p>\n\n\n\n<p><strong>\"Se voc\u00ea estudar com efic\u00e1cia, voc\u00ea ser\u00e1 capaz de acertar!\"<\/strong><br>O que voc\u00ea acha de passar por esta experi\u00eancia?<\/p>\n<\/div>\n\n\n\n<div class=\"wp-block-column is-layout-flow wp-block-column-is-layout-flow\"><div class=\"wp-block-image\">\n<figure class=\"aligncenter\"><img loading=\"lazy\" decoding=\"async\" width=\"300\" height=\"199\" src=\"https:\/\/nihongobox.jp\/asudoor\/wp-content\/uploads\/sites\/3\/2019\/09\/\u5199\u771f-2019-09-09-22-48-16-300x199.jpg\" alt=\"\" class=\"wp-image-70\" srcset=\"https:\/\/nihongobox.jp\/asudoor\/wp-content\/uploads\/sites\/3\/2019\/09\/\u5199\u771f-2019-09-09-22-48-16-300x199.jpg 300w, https:\/\/nihongobox.jp\/asudoor\/wp-content\/uploads\/sites\/3\/2019\/09\/\u5199\u771f-2019-09-09-22-48-16-768x511.jpg 768w, https:\/\/nihongobox.jp\/asudoor\/wp-content\/uploads\/sites\/3\/2019\/09\/\u5199\u771f-2019-09-09-22-48-16-1024x681.jpg 1024w\" sizes=\"auto, (max-width: 300px) 100vw, 300px\" \/><\/figure>\n<\/div><\/div>\n<\/div>\n\n\n\n<div class=\"wp-block-columns is-layout-flex wp-container-core-columns-is-layout-9d6595d7 wp-block-columns-is-layout-flex\">\n<div class=\"wp-block-column is-vertically-aligned-center is-layout-flow wp-block-column-is-layout-flow\">\n<div class=\"wp-block-buttons alignwide is-horizontal is-content-justification-center is-layout-flex wp-container-core-buttons-is-layout-499968f5 wp-block-buttons-is-layout-flex\">\n<div class=\"wp-block-button has-custom-width wp-block-button__width-50 is-style-fill\"><a class=\"wp-block-button__link has-black-color has-cyan-bluish-gray-background-color has-text-color has-background has-large-font-size has-custom-font-size wp-element-button\" href=\"https:\/\/nihongobox.jp\/asudoor\/pt\/price\/\" style=\"border-radius:50px\"><strong>FEE<\/strong><\/a><\/div>\n<\/div>\n<\/div>\n\n\n\n<div class=\"wp-block-column is-vertically-aligned-center is-layout-flow wp-block-column-is-layout-flow\">\n<div class=\"wp-block-buttons is-horizontal is-content-justification-center is-layout-flex wp-container-core-buttons-is-layout-499968f5 wp-block-buttons-is-layout-flex\">\n<div class=\"wp-block-button has-custom-width wp-block-button__width-100\"><a class=\"wp-block-button__link has-black-color has-cyan-bluish-gray-background-color has-text-color has-background has-large-font-size has-custom-font-size wp-element-button\" href=\"https:\/\/nihongobox.jp\/asudoor\/pt\/contact\/\" style=\"border-radius:50px\"><strong>CONTACT<\/strong><\/a><\/div>\n<\/div>\n<\/div>\n<\/div>\n\n\n\n<div style=\"height:50px\" aria-hidden=\"true\" class=\"wp-block-spacer\"><\/div>\n\n\n\n<p class=\"has-very-dark-gray-color has-luminous-vivid-amber-background-color has-text-color has-background has-medium-font-size\"><strong> <strong>\u2460\u3000Eu me formei no Ensino Fundamental (Chuugakou) e quero ir para o Ensino M\u00e9dio!<\/strong> <\/strong>\u200b<\/p>\n\n\n\n<div class=\"wp-block-columns has-2-columns is-layout-flex wp-container-core-columns-is-layout-9d6595d7 wp-block-columns-is-layout-flex\">\n<div class=\"wp-block-column is-layout-flow wp-block-column-is-layout-flow\"><div class=\"wp-block-image\">\n<figure class=\"aligncenter\"><img loading=\"lazy\" decoding=\"async\" width=\"300\" height=\"200\" src=\"https:\/\/nihongobox.jp\/asudoor\/wp-content\/uploads\/sites\/3\/2019\/09\/\u5199\u771f-2019-09-09-22-36-26-300x200.jpg\" alt=\"\" class=\"wp-image-63\" srcset=\"https:\/\/nihongobox.jp\/asudoor\/wp-content\/uploads\/sites\/3\/2019\/09\/\u5199\u771f-2019-09-09-22-36-26-300x200.jpg 300w, https:\/\/nihongobox.jp\/asudoor\/wp-content\/uploads\/sites\/3\/2019\/09\/\u5199\u771f-2019-09-09-22-36-26-768x512.jpg 768w, https:\/\/nihongobox.jp\/asudoor\/wp-content\/uploads\/sites\/3\/2019\/09\/\u5199\u771f-2019-09-09-22-36-26-1024x683.jpg 1024w\" sizes=\"auto, (max-width: 300px) 100vw, 300px\" \/><\/figure>\n<\/div><\/div>\n\n\n\n<div class=\"wp-block-column is-layout-flow wp-block-column-is-layout-flow\">\n<p>Para entrar no Ensimo M\u00e9dio (Koukou) quais os preparativos que eu devo fazer?<\/p>\n\n\n\n<p>Para qual Ensino M\u00e9dio \u00e9 melhor ir?<\/p>\n<\/div>\n<\/div>\n\n\n\n<div style=\"height:50px\" aria-hidden=\"true\" class=\"wp-block-spacer\"><\/div>\n\n\n\n<p class=\"has-very-dark-gray-color has-luminous-vivid-amber-background-color has-text-color has-background has-medium-font-size\"><strong> <strong>\u2461\u3000Eu n\u00e3o estudei no Ensino M\u00e9dio. Eu ainda quero prosseguir nos estudos!<\/strong> <\/strong>\u200b<\/p>\n\n\n\n<div class=\"wp-block-columns has-2-columns is-layout-flex wp-container-core-columns-is-layout-9d6595d7 wp-block-columns-is-layout-flex\">\n<div class=\"wp-block-column is-layout-flow wp-block-column-is-layout-flow\">\n<p>Voc\u00ea conhece o exame de certifica\u00e7\u00e3o do Ensino M\u00e9dio?<\/p>\n\n\n\n<p>Se voc\u00ea passar neste exame, voc\u00ea estar\u00e1 qualificado para ir para uma escola profissionalizante ou uma universidade.<\/p>\n\n\n\n<p>Voc\u00ea pode prosseguir seus estudos sem ter se formado no Ensino M\u00e9dio.<\/p>\n\n\n\n<p>Existem dois exames por ano.<\/p>\n\n\n\n<p>Mesmo n\u00e3o sendo japon\u00eas, pode fazer o teste.<\/p>\n\n\n\n<p>O problema \u00e9 que caem quest\u00f5es b\u00e1sicas do conte\u00fado estudado pelos alunos da primeira s\u00e9rie do Ensino M\u00e9dio.<\/p>\n\n\n\n<p>Algumas pessoas estudaram por cerca de meio ano e passaram.<\/p>\n\n\n\n<p>Vamos estudar juntos e abrir as possibilidades para o futuro?<\/p>\n<\/div>\n\n\n\n<div class=\"wp-block-column is-layout-flow wp-block-column-is-layout-flow\"><div class=\"wp-block-image\">\n<figure class=\"aligncenter\"><img loading=\"lazy\" decoding=\"async\" width=\"300\" height=\"200\" src=\"https:\/\/nihongobox.jp\/asudoor\/wp-content\/uploads\/sites\/3\/2019\/09\/\u5199\u771f-2019-09-09-22-38-31-6-300x200.jpg\" alt=\"\" class=\"wp-image-92\" srcset=\"https:\/\/nihongobox.jp\/asudoor\/wp-content\/uploads\/sites\/3\/2019\/09\/\u5199\u771f-2019-09-09-22-38-31-6-300x200.jpg 300w, https:\/\/nihongobox.jp\/asudoor\/wp-content\/uploads\/sites\/3\/2019\/09\/\u5199\u771f-2019-09-09-22-38-31-6-768x512.jpg 768w, https:\/\/nihongobox.jp\/asudoor\/wp-content\/uploads\/sites\/3\/2019\/09\/\u5199\u771f-2019-09-09-22-38-31-6-1024x683.jpg 1024w\" sizes=\"auto, (max-width: 300px) 100vw, 300px\" \/><\/figure>\n<\/div><\/div>\n<\/div>\n\n\n\n<div style=\"height:50px\" aria-hidden=\"true\" class=\"wp-block-spacer\"><\/div>\n\n\n\n<p class=\"has-very-dark-gray-color has-luminous-vivid-amber-background-color has-text-color has-background has-medium-font-size\"><strong> <strong>\u2462\u3000Eu me formei no Ensino M\u00e9dio e vim para o Jap\u00e3o. Posso prosseguir os estudos no Jap\u00e3o?<\/strong>\u200b <\/strong>\u200b<\/p>\n\n\n\n<div class=\"wp-block-columns has-2-columns is-layout-flex wp-container-core-columns-is-layout-9d6595d7 wp-block-columns-is-layout-flex\">\n<div class=\"wp-block-column is-layout-flow wp-block-column-is-layout-flow\"><div class=\"wp-block-image\">\n<figure class=\"aligncenter\"><img loading=\"lazy\" decoding=\"async\" width=\"300\" height=\"200\" src=\"https:\/\/nihongobox.jp\/asudoor\/wp-content\/uploads\/sites\/3\/2019\/09\/\u5199\u771f-2019-09-09-22-35-16-3-300x200.jpg\" alt=\"\" class=\"wp-image-83\" srcset=\"https:\/\/nihongobox.jp\/asudoor\/wp-content\/uploads\/sites\/3\/2019\/09\/\u5199\u771f-2019-09-09-22-35-16-3-300x200.jpg 300w, https:\/\/nihongobox.jp\/asudoor\/wp-content\/uploads\/sites\/3\/2019\/09\/\u5199\u771f-2019-09-09-22-35-16-3-768x512.jpg 768w, https:\/\/nihongobox.jp\/asudoor\/wp-content\/uploads\/sites\/3\/2019\/09\/\u5199\u771f-2019-09-09-22-35-16-3-1024x683.jpg 1024w\" sizes=\"auto, (max-width: 300px) 100vw, 300px\" \/><\/figure>\n<\/div><\/div>\n\n\n\n<div class=\"wp-block-column is-layout-flow wp-block-column-is-layout-flow\">\n<p>Claro que pode. No entanto, a prepara\u00e7\u00e3o do vestibular \u00e9 completamente diferente dependendo da escola. <\/p>\n\n\n\n<p>O que voc\u00ea estudou at\u00e9 agora pode ser diferente do que \u00e9 ensinado nas escolas de Ensino M\u00e9dio japonesas. <\/p>\n\n\n\n<p>Enquanto estudamos podemos fazer diversas consultas a respeito disso.<\/p>\n<\/div>\n<\/div>\n\n\n\n<div class=\"wp-block-columns is-layout-flex wp-container-core-columns-is-layout-9d6595d7 wp-block-columns-is-layout-flex\">\n<div class=\"wp-block-column is-vertically-aligned-center is-layout-flow wp-block-column-is-layout-flow\">\n<div class=\"wp-block-buttons alignwide is-horizontal is-content-justification-center is-layout-flex wp-container-core-buttons-is-layout-499968f5 wp-block-buttons-is-layout-flex\">\n<div class=\"wp-block-button has-custom-width wp-block-button__width-50 is-style-fill\"><a class=\"wp-block-button__link has-black-color has-cyan-bluish-gray-background-color has-text-color has-background has-large-font-size has-custom-font-size wp-element-button\" href=\"https:\/\/nihongobox.jp\/asudoor\/pt\/price\/\" style=\"border-radius:50px\"><strong>FEE<\/strong><\/a><\/div>\n<\/div>\n<\/div>\n\n\n\n<div class=\"wp-block-column is-vertically-aligned-center is-layout-flow wp-block-column-is-layout-flow\">\n<div class=\"wp-block-buttons is-horizontal is-content-justification-center is-layout-flex wp-container-core-buttons-is-layout-499968f5 wp-block-buttons-is-layout-flex\">\n<div class=\"wp-block-button has-custom-width wp-block-button__width-100\"><a class=\"wp-block-button__link has-black-color has-cyan-bluish-gray-background-color has-text-color has-background has-large-font-size has-custom-font-size wp-element-button\" href=\"https:\/\/nihongobox.jp\/asudoor\/pt\/contact\/\" style=\"border-radius:50px\"><strong>CONTACT<\/strong><\/a><\/div>\n<\/div>\n<\/div>\n<\/div>\n\n\n\n<p class=\"has-text-align-center has-medium-font-size\"><strong> <strong>As portas que se abrem para o amanh\u00e3 <\/strong>  <\/strong><\/p>\n\n\n\n<div style=\"height:30px\" aria-hidden=\"true\" class=\"wp-block-spacer\"><\/div>\n\n\n\n<p class=\"has-text-align-center\"> Ped\u00ed, e dar-se-vos-\u00e1; buscai, e achareis; batei e abrir-se-vos-\u00e1.<br>\uff08Mateus 7:7\uff09 <\/p>\n\n\n\n<div style=\"height:30px\" aria-hidden=\"true\" class=\"wp-block-spacer\"><\/div>\n\n\n\n<div class=\"wp-block-columns has-2-columns is-layout-flex wp-container-core-columns-is-layout-9d6595d7 wp-block-columns-is-layout-flex\">\n<div class=\"wp-block-column is-layout-flow wp-block-column-is-layout-flow\">\n<p>Se voc\u00ea desistir e n\u00e3o fizer nada, nada mudar\u00e1. <\/p>\n\n\n\n<p>Ao inv\u00e9s disso, se voc\u00ea tiver iniciativa, as coisas come\u00e7ar\u00e3o a mudar.<\/p>\n\n\n\n<p>As portas se abrir\u00e3o.<\/p>\n\n\n\n<p>Para tanto, \u00e9 necess\u00e1rio bater nas portas para o amanh\u00e3.<\/p>\n<\/div>\n\n\n\n<div class=\"wp-block-column is-layout-flow wp-block-column-is-layout-flow\"><div class=\"wp-block-image\">\n<figure class=\"aligncenter\"><img loading=\"lazy\" decoding=\"async\" width=\"300\" height=\"216\" src=\"https:\/\/nihongobox.jp\/asudoor\/wp-content\/uploads\/sites\/3\/2019\/09\/\u5199\u771f-2019-09-09-22-32-09-300x216.jpg\" alt=\"\" class=\"wp-image-61\" srcset=\"https:\/\/nihongobox.jp\/asudoor\/wp-content\/uploads\/sites\/3\/2019\/09\/\u5199\u771f-2019-09-09-22-32-09-300x216.jpg 300w, https:\/\/nihongobox.jp\/asudoor\/wp-content\/uploads\/sites\/3\/2019\/09\/\u5199\u771f-2019-09-09-22-32-09-768x553.jpg 768w, https:\/\/nihongobox.jp\/asudoor\/wp-content\/uploads\/sites\/3\/2019\/09\/\u5199\u771f-2019-09-09-22-32-09-1024x737.jpg 1024w\" sizes=\"auto, (max-width: 300px) 100vw, 300px\" \/><\/figure>\n<\/div>\n\n\n<p><\/p>\n<\/div>\n<\/div>\n\n\n\n<div style=\"height:50px\" aria-hidden=\"true\" class=\"wp-block-spacer\"><\/div>\n\n\n\n<p class=\"has-text-align-center has-medium-font-size\"><strong> <strong>Representante<\/strong> <\/strong><\/p>\n\n\n\n<div class=\"wp-block-columns has-2-columns is-layout-flex wp-container-core-columns-is-layout-9d6595d7 wp-block-columns-is-layout-flex\">\n<div class=\"wp-block-column is-layout-flow wp-block-column-is-layout-flow\">\n<p class=\"has-text-align-center has-medium-font-size\">  Matsumoto Rei  <\/p>\n\n\n<div class=\"wp-block-image\">\n<figure class=\"aligncenter size-large is-resized\"><img loading=\"lazy\" decoding=\"async\" width=\"795\" height=\"1024\" src=\"https:\/\/nihongobox.jp\/asudoor\/wp-content\/uploads\/sites\/3\/2020\/08\/\u30d7\u30ed\u30d5\u30a3\u30fc\u30eb\u5199\u771f2020.6\uff5e-1-795x1024.jpg\" alt=\"\" class=\"wp-image-198\" style=\"width:174px;height:223px\" srcset=\"https:\/\/nihongobox.jp\/asudoor\/wp-content\/uploads\/sites\/3\/2020\/08\/\u30d7\u30ed\u30d5\u30a3\u30fc\u30eb\u5199\u771f2020.6\uff5e-1-795x1024.jpg 795w, https:\/\/nihongobox.jp\/asudoor\/wp-content\/uploads\/sites\/3\/2020\/08\/\u30d7\u30ed\u30d5\u30a3\u30fc\u30eb\u5199\u771f2020.6\uff5e-1-233x300.jpg 233w, https:\/\/nihongobox.jp\/asudoor\/wp-content\/uploads\/sites\/3\/2020\/08\/\u30d7\u30ed\u30d5\u30a3\u30fc\u30eb\u5199\u771f2020.6\uff5e-1-768x989.jpg 768w, https:\/\/nihongobox.jp\/asudoor\/wp-content\/uploads\/sites\/3\/2020\/08\/\u30d7\u30ed\u30d5\u30a3\u30fc\u30eb\u5199\u771f2020.6\uff5e-1.jpg 1092w\" sizes=\"auto, (max-width: 795px) 100vw, 795px\" \/><\/figure>\n<\/div><\/div>\n\n\n\n<div class=\"wp-block-column is-layout-flow wp-block-column-is-layout-flow\">\n<p>Nascido em 1980, 45 anos<\/p>\n\n\n\n<p>\u200bGraduado pela Universidade de Nagoya, Faculdade de Economia<\/p>\n\n\n\n<p>\u200bDepois de formado, trabalhei como professor de L\u00edngua Japonesa em escolas de Shenzhen e Pequim na China.<\/p>\n\n\n\n<p>\u200bRetornando ao Jap\u00e3o, trabalhei em um grande grupo de curso intensivo (Juku).<\/p>\n\n\n\n<p>Tamb\u00e9m atuei como diretor de sala.<\/p>\n\n\n\n<p>\u200bDepois disso, voltei a ser professor de L\u00edngua Japonesa e fui o supervisor de orienta\u00e7\u00e3o profissional em uma escola de japon\u00eas.<\/p>\n\n\n\n<p>\u200bEm 2016 iniciei com o Asu Doa (Portas para o amanh\u00e3).<\/p>\n\n\n\n<p>Atualmente, tamb\u00e9m sou professor de cursos de treinamento para professores da L\u00edngua Japonesa e instrutor de escolas t\u00e9cnicas. \u200bMinha esposa e eu trabalhamos como professores de Japon\u00eas.<\/p>\n<\/div>\n<\/div>\n\n\n\n<div style=\"height:20px\" aria-hidden=\"true\" class=\"wp-block-spacer\"><\/div>\n\n\n\n<div class=\"wp-block-media-text alignwide has-media-on-the-right\" style=\"grid-template-columns:auto 35%\"><div class=\"wp-block-media-text__content\">\n<p class=\"has-text-align-center\"> Jornal Chunichi 2016\/11\/27 <\/p>\n<\/div><figure class=\"wp-block-media-text__media\"><img loading=\"lazy\" decoding=\"async\" width=\"945\" height=\"810\" src=\"https:\/\/nihongobox.jp\/asudoor\/wp-content\/uploads\/sites\/3\/2019\/09\/\u4e2d\u65e5\u65b0\u805e.jpg\" alt=\"\" class=\"wp-image-53 size-full\" srcset=\"https:\/\/nihongobox.jp\/asudoor\/wp-content\/uploads\/sites\/3\/2019\/09\/\u4e2d\u65e5\u65b0\u805e.jpg 945w, https:\/\/nihongobox.jp\/asudoor\/wp-content\/uploads\/sites\/3\/2019\/09\/\u4e2d\u65e5\u65b0\u805e-300x257.jpg 300w, https:\/\/nihongobox.jp\/asudoor\/wp-content\/uploads\/sites\/3\/2019\/09\/\u4e2d\u65e5\u65b0\u805e-768x658.jpg 768w\" sizes=\"auto, (max-width: 945px) 100vw, 945px\" \/><\/figure><\/div>\n","protected":false},"excerpt":{"rendered":"<p>A crian\u00e7a ou adolescente frequenta a escola mas n\u00e3o entende bem as aulas Apesar de frequenter as aulas, as palavras que aparecem s\u00e3o dif\u00edceis! Apesar de entender a maior parte das palavras usadas, o progresso do conte\u00fado \u00e9 muito r\u00e1pido\uff01 Se voc\u00ea est\u00e1 com problemas, por que n\u00e3o estudar juntos? Podemos estudar com um pouco [&hellip;]<\/p>\n","protected":false},"author":1,"featured_media":0,"parent":0,"menu_order":0,"comment_status":"closed","ping_status":"closed","template":"","meta":{"_locale":"pt_BR","_original_post":"https:\/\/nihongobox.jp\/asudoor\/?page_id=12","footnotes":""},"class_list":["post-486","page","type-page","status-publish","hentry","pt-BR"],"_links":{"self":[{"href":"https:\/\/nihongobox.jp\/asudoor\/wp-json\/wp\/v2\/pages\/486","targetHints":{"allow":["GET"]}}],"collection":[{"href":"https:\/\/nihongobox.jp\/asudoor\/wp-json\/wp\/v2\/pages"}],"about":[{"href":"https:\/\/nihongobox.jp\/asudoor\/wp-json\/wp\/v2\/types\/page"}],"author":[{"embeddable":true,"href":"https:\/\/nihongobox.jp\/asudoor\/wp-json\/wp\/v2\/users\/1"}],"replies":[{"embeddable":true,"href":"https:\/\/nihongobox.jp\/asudoor\/wp-json\/wp\/v2\/comments?post=486"}],"version-history":[{"count":7,"href":"https:\/\/nihongobox.jp\/asudoor\/wp-json\/wp\/v2\/pages\/486\/revisions"}],"predecessor-version":[{"id":726,"href":"https:\/\/nihongobox.jp\/asudoor\/wp-json\/wp\/v2\/pages\/486\/revisions\/726"}],"wp:attachment":[{"href":"https:\/\/nihongobox.jp\/asudoor\/wp-json\/wp\/v2\/media?parent=486"}],"curies":[{"name":"wp","href":"https:\/\/api.w.org\/{rel}","templated":true}]}}