{"id":494,"date":"2022-03-14T20:22:14","date_gmt":"2022-03-14T11:22:14","guid":{"rendered":"https:\/\/nihongobox.jp\/asudoor\/?page_id=494"},"modified":"2026-01-01T23:01:39","modified_gmt":"2026-01-01T14:01:39","slug":"about-asudoor","status":"publish","type":"page","link":"https:\/\/nihongobox.jp\/asudoor\/vi\/about-asudoor\/","title":{"rendered":"ABOUT Asudoor"},"content":{"rendered":"\n<p class=\"has-very-dark-gray-color has-luminous-vivid-amber-background-color has-text-color has-background has-medium-font-size\"><strong> <strong>B\u1ea1n \u0111ang \u0111i h\u1ecdc \u1edf tr\u01b0\u1eddng, nh\u01b0ng b\u1ea1n kh\u00f4ng hi\u1ec3u c\u00e1c b\u00e0i gi\u1ea3ng\u2026<\/strong><\/strong><\/p>\n\n\n\n<div class=\"wp-block-columns has-2-columns is-layout-flex wp-container-core-columns-is-layout-9d6595d7 wp-block-columns-is-layout-flex\">\n<div class=\"wp-block-column is-layout-flow wp-block-column-is-layout-flow\">\n<p>\u2026 nh\u1eefng t\u1eeb ng\u1eef \u0111\u01b0\u1ee3c s\u1eed d\u1ee5ng trong b\u00e0i th\u1eadt l\u00e0 kh\u00f3!<\/p>\n\n\n\n<p>\u2026 b\u1ea1n hi\u1ec3u \u0111\u1ea1i kh\u00e1i \u00fd ngh\u0129a c\u1ee7a c\u00e1c t\u1eeb, nh\u01b0ng t\u1ed1c \u0111\u1ed9 gi\u1ea3ng l\u1ea1i nhanh!<\/p>\n\n\n\n<p>N\u1ebfu b\u1ea1n c\u1ea3m th\u1ea5y kh\u00f3 kh\u0103n, h\u00e3y c\u00f9ng h\u1ecdc v\u1edbi ch\u00fang t\u00f4i.<\/p>\n\n\n\n<p>Chu\u1ea9n b\u1ecb tr\u01b0\u1edbc c\u00e1c ki\u1ebfn th\u1ee9c s\u1ebd h\u1ecdc \u1edf tr\u01b0\u1eddng, \u00f4n t\u1eadp l\u1ea1i nh\u1eefng ph\u1ea7n c\u00f2n ch\u01b0a hi\u1ec3u\u2026<\/p>\n\n\n\n<p>Ch\u00fang t\u00f4i s\u1ebd gi\u00fap b\u1ea1n c\u00f3 th\u1ec3 t\u1eadn h\u01b0\u1edfng cu\u1ed9c s\u1ed1ng \u1edf tr\u01b0\u1eddng m\u1ed9t c\u00e1ch tho\u1ea3i m\u00e1i h\u01a1n, gi\u00fap b\u1ea1n c\u00f3 th\u1ec3 h\u1ecdc l\u00ean trung h\u1ecdc ph\u1ed5 th\u00f4ng hay \u0111\u1ea1i h\u1ecdc.<\/p>\n\n\n\n<p><strong>\u201cCh\u1ec9 c\u1ea7n h\u1ecdc m\u1ed9t c\u00e1ch \u0111\u00fang \u0111\u1eafn, ch\u1eafc ch\u1eafn c\u00f3 th\u1ec3 l\u00e0m \u0111\u01b0\u1ee3c\u201d<\/strong><\/p>\n\n\n\n<p>B\u1ea1n c\u00f3 mu\u1ed1n tr\u1ea3i nghi\u1ec7m \u0111i\u1ec1u \u0111\u00f3 kh\u00f4ng?<\/p>\n<\/div>\n\n\n\n<div class=\"wp-block-column is-layout-flow wp-block-column-is-layout-flow\"><div class=\"wp-block-image\">\n<figure class=\"aligncenter\"><img loading=\"lazy\" decoding=\"async\" width=\"300\" height=\"199\" src=\"https:\/\/nihongobox.jp\/asudoor\/wp-content\/uploads\/sites\/3\/2019\/09\/\u5199\u771f-2019-09-09-22-48-16-300x199.jpg\" alt=\"\" class=\"wp-image-70\" srcset=\"https:\/\/nihongobox.jp\/asudoor\/wp-content\/uploads\/sites\/3\/2019\/09\/\u5199\u771f-2019-09-09-22-48-16-300x199.jpg 300w, https:\/\/nihongobox.jp\/asudoor\/wp-content\/uploads\/sites\/3\/2019\/09\/\u5199\u771f-2019-09-09-22-48-16-768x511.jpg 768w, https:\/\/nihongobox.jp\/asudoor\/wp-content\/uploads\/sites\/3\/2019\/09\/\u5199\u771f-2019-09-09-22-48-16-1024x681.jpg 1024w\" sizes=\"auto, (max-width: 300px) 100vw, 300px\" \/><\/figure>\n<\/div><\/div>\n<\/div>\n\n\n\n<div class=\"wp-block-columns is-layout-flex wp-container-core-columns-is-layout-9d6595d7 wp-block-columns-is-layout-flex\">\n<div class=\"wp-block-column is-vertically-aligned-center is-layout-flow wp-block-column-is-layout-flow\">\n<div class=\"wp-block-buttons alignwide is-horizontal is-content-justification-center is-layout-flex wp-container-core-buttons-is-layout-499968f5 wp-block-buttons-is-layout-flex\">\n<div class=\"wp-block-button has-custom-width wp-block-button__width-50 is-style-fill\"><a class=\"wp-block-button__link has-black-color has-cyan-bluish-gray-background-color has-text-color has-background has-large-font-size has-custom-font-size wp-element-button\" href=\"https:\/\/nihongobox.jp\/asudoor\/vi\/price\/\" style=\"border-radius:50px\"><strong>FEE<\/strong><\/a><\/div>\n<\/div>\n<\/div>\n\n\n\n<div class=\"wp-block-column is-vertically-aligned-center is-layout-flow wp-block-column-is-layout-flow\">\n<div class=\"wp-block-buttons is-horizontal is-content-justification-center is-layout-flex wp-container-core-buttons-is-layout-499968f5 wp-block-buttons-is-layout-flex\">\n<div class=\"wp-block-button has-custom-width wp-block-button__width-100\"><a class=\"wp-block-button__link has-black-color has-cyan-bluish-gray-background-color has-text-color has-background has-large-font-size has-custom-font-size wp-element-button\" href=\"https:\/\/nihongobox.jp\/asudoor\/vi\/contact\/\" style=\"border-radius:50px\"><strong>CONTACT<\/strong><\/a><\/div>\n<\/div>\n<\/div>\n<\/div>\n\n\n\n<div style=\"height:50px\" aria-hidden=\"true\" class=\"wp-block-spacer\"><\/div>\n\n\n\n<p class=\"has-very-dark-gray-color has-luminous-vivid-amber-background-color has-text-color has-background has-medium-font-size\"><strong>\u2460\u3000 <strong>B\u1ea1n t\u1ed1t nghi\u1ec7p trung h\u1ecdc c\u01a1 s\u1edf r\u1ed3i \u0111\u1ebfn Nh\u1eadt B\u1ea3n. B\u1ea1n mu\u1ed1n v\u00e0o tr\u01b0\u1eddng trung h\u1ecdc ph\u1ed5 th\u00f4ng!<\/strong> <\/strong>\u200b<\/p>\n\n\n\n<div class=\"wp-block-columns has-2-columns is-layout-flex wp-container-core-columns-is-layout-9d6595d7 wp-block-columns-is-layout-flex\">\n<div class=\"wp-block-column is-layout-flow wp-block-column-is-layout-flow\"><div class=\"wp-block-image\">\n<figure class=\"aligncenter\"><img loading=\"lazy\" decoding=\"async\" width=\"300\" height=\"200\" src=\"https:\/\/nihongobox.jp\/asudoor\/wp-content\/uploads\/sites\/3\/2019\/09\/\u5199\u771f-2019-09-09-22-36-26-300x200.jpg\" alt=\"\" class=\"wp-image-63\" srcset=\"https:\/\/nihongobox.jp\/asudoor\/wp-content\/uploads\/sites\/3\/2019\/09\/\u5199\u771f-2019-09-09-22-36-26-300x200.jpg 300w, https:\/\/nihongobox.jp\/asudoor\/wp-content\/uploads\/sites\/3\/2019\/09\/\u5199\u771f-2019-09-09-22-36-26-768x512.jpg 768w, https:\/\/nihongobox.jp\/asudoor\/wp-content\/uploads\/sites\/3\/2019\/09\/\u5199\u771f-2019-09-09-22-36-26-1024x683.jpg 1024w\" sizes=\"auto, (max-width: 300px) 100vw, 300px\" \/><\/figure>\n<\/div><\/div>\n\n\n\n<div class=\"wp-block-column is-layout-flow wp-block-column-is-layout-flow\">\n<p>V\u1eady c\u1ea7n chu\u1ea9n b\u1ecb nh\u1eefng g\u00ec?<\/p>\n\n\n\n<p>N\u00ean h\u1ecdc tr\u01b0\u1eddng n\u00e0o?<\/p>\n\n\n\n<p>Ph\u1ea3i h\u1ecdc trong bao l\u00e2u?<\/p>\n\n\n\n<p>Ch\u00fang t\u00f4i s\u1ebd gi\u1ea3i th\u00edch m\u1ed9t c\u00e1ch k\u1ef9 c\u00e0ng.<\/p>\n\n\n\n<p>H\u00e3y c\u00f9ng nhau v\u1eeba h\u1ecdc ti\u1ebfng Nh\u1eadt v\u00e0 h\u1ecdc c\u1ea3 to\u00e1n, c\u00e1c m\u00f4n khoa h\u1ecdc hay ti\u1ebfng Anh, \u2026<\/p>\n<\/div>\n<\/div>\n\n\n\n<div style=\"height:50px\" aria-hidden=\"true\" class=\"wp-block-spacer\"><\/div>\n\n\n\n<p class=\"has-very-dark-gray-color has-luminous-vivid-amber-background-color has-text-color has-background has-medium-font-size\"><strong>\u2461\u3000 <strong>H\u00e3y c\u00f9ng nhau v\u1eeba h\u1ecdc ti\u1ebfng Nh\u1eadt v\u00e0 h\u1ecdc c\u1ea3 to\u00e1n, c\u00e1c m\u00f4n khoa h\u1ecdc hay ti\u1ebfng Anh, \u2026<\/strong><\/strong>\u200b<\/p>\n\n\n\n<div class=\"wp-block-columns has-2-columns is-layout-flex wp-container-core-columns-is-layout-9d6595d7 wp-block-columns-is-layout-flex\">\n<div class=\"wp-block-column is-layout-flow wp-block-column-is-layout-flow\">\n<p>B\u1ea1n \u0111\u00e3 kh\u00f4ng \u0111i h\u1ecdc trung h\u1ecdc ph\u1ed5 th\u00f4ng. Nh\u01b0ng qu\u1ea3 nhi\u00ean b\u1ea1n mu\u1ed1n ti\u1ebfp t\u1ee5c h\u1ecdc!<\/p>\n\n\n\n<p>B\u1ea1n c\u00f3 bi\u1ebft k\u1ef3 thi c\u1ea5p ch\u1ee9ng ch\u1ec9 t\u1ed1t nghi\u1ec7p THPT kh\u00f4ng?<\/p>\n\n\n\n<p>N\u1ebfu b\u1ea1n v\u01b0\u1ee3t qua k\u1ef3 thi n\u00e0y, b\u1ea1n s\u1ebd \u0111\u1ee7 \u0111i\u1ec1u ki\u1ec7n \u0111\u1ec3 v\u00e0o m\u1ed9t tr\u01b0\u1eddng cao \u0111\u1eb3ng ho\u1eb7c \u0111\u1ea1i h\u1ecdc.<\/p>\n\n\n\n<p>B\u1ea1n c\u00f3 th\u1ec3 ti\u1ebfp t\u1ee5c \u0111i h\u1ecdc d\u00f9 kh\u00f4ng t\u1ed1t nghi\u1ec7p THPT.<\/p>\n\n\n\n<p>Trong m\u1ed9t n\u0103m, k\u1ef3 thi di\u1ec5n ra hai l\u1ea7n (th\u00e1ng 8 v\u00e0 th\u00e1ng 11). B\u1ea1n ho\u00e0n to\u00e0n c\u00f3 th\u1ec3 d\u1ef1 thi k\u1ec3 c\u1ea3 khi b\u1ea1n kh\u00f4ng ph\u1ea3i l\u00e0 ng\u01b0\u1eddi Nh\u1eadt.<\/p>\n\n\n\n<p>C\u00e1c v\u1ea5n \u0111\u1ec1 \u0111\u01b0\u1ee3c \u0111\u01b0a ra l\u00e0 nh\u1eefng ki\u1ebfn th\u1ee9c c\u01a1 b\u1ea3n \u0111\u01b0\u1ee3c h\u1ecdc cho \u0111\u1ebfn n\u0103m \u0111\u1ea7u c\u1ee7a tr\u01b0\u1eddng trung h\u1ecdc ph\u1ed5 th\u00f4ng.<\/p>\n\n\n\n<p>C\u0169ng \u0111\u00e3 ng\u01b0\u1eddi h\u1ecdc kho\u1ea3ng n\u1eeda n\u0103m th\u00ec thi \u0111\u1ed7.<\/p>\n\n\n\n<p>H\u00e3y c\u00f9ng nhau nghi\u00ean c\u1ee9u v\u00e0 m\u1edf r\u1ed9ng kh\u1ea3 n\u0103ng c\u1ee7a t\u01b0\u01a1ng lai.<\/p>\n<\/div>\n\n\n\n<div class=\"wp-block-column is-layout-flow wp-block-column-is-layout-flow\"><div class=\"wp-block-image\">\n<figure class=\"aligncenter\"><img loading=\"lazy\" decoding=\"async\" width=\"300\" height=\"200\" src=\"https:\/\/nihongobox.jp\/asudoor\/wp-content\/uploads\/sites\/3\/2019\/09\/\u5199\u771f-2019-09-09-22-38-31-6-300x200.jpg\" alt=\"\" class=\"wp-image-92\" srcset=\"https:\/\/nihongobox.jp\/asudoor\/wp-content\/uploads\/sites\/3\/2019\/09\/\u5199\u771f-2019-09-09-22-38-31-6-300x200.jpg 300w, https:\/\/nihongobox.jp\/asudoor\/wp-content\/uploads\/sites\/3\/2019\/09\/\u5199\u771f-2019-09-09-22-38-31-6-768x512.jpg 768w, https:\/\/nihongobox.jp\/asudoor\/wp-content\/uploads\/sites\/3\/2019\/09\/\u5199\u771f-2019-09-09-22-38-31-6-1024x683.jpg 1024w\" sizes=\"auto, (max-width: 300px) 100vw, 300px\" \/><\/figure>\n<\/div><\/div>\n<\/div>\n\n\n\n<div style=\"height:50px\" aria-hidden=\"true\" class=\"wp-block-spacer\"><\/div>\n\n\n\n<p class=\"has-very-dark-gray-color has-luminous-vivid-amber-background-color has-text-color has-background has-medium-font-size\"><strong>\u2462\u3000 <strong>B\u1ea1n t\u1ed1t nghi\u1ec7p THPT r\u1ed3i \u0111\u1ebfn Nh\u1eadt B\u1ea3n. Li\u1ec7u c\u00f3 th\u1ec3 h\u1ecdc l\u00ean ti\u1ebfp \u1edf Nh\u1eadt \u0111\u01b0\u1ee3c hay kh\u00f4ng?<\/strong> <\/strong>\u200b<\/p>\n\n\n\n<div class=\"wp-block-columns has-2-columns is-layout-flex wp-container-core-columns-is-layout-9d6595d7 wp-block-columns-is-layout-flex\">\n<div class=\"wp-block-column is-layout-flow wp-block-column-is-layout-flow\"><div class=\"wp-block-image\">\n<figure class=\"aligncenter\"><img loading=\"lazy\" decoding=\"async\" width=\"300\" height=\"200\" src=\"https:\/\/nihongobox.jp\/asudoor\/wp-content\/uploads\/sites\/3\/2019\/09\/\u5199\u771f-2019-09-09-22-35-16-3-300x200.jpg\" alt=\"\" class=\"wp-image-83\" srcset=\"https:\/\/nihongobox.jp\/asudoor\/wp-content\/uploads\/sites\/3\/2019\/09\/\u5199\u771f-2019-09-09-22-35-16-3-300x200.jpg 300w, https:\/\/nihongobox.jp\/asudoor\/wp-content\/uploads\/sites\/3\/2019\/09\/\u5199\u771f-2019-09-09-22-35-16-3-768x512.jpg 768w, https:\/\/nihongobox.jp\/asudoor\/wp-content\/uploads\/sites\/3\/2019\/09\/\u5199\u771f-2019-09-09-22-35-16-3-1024x683.jpg 1024w\" sizes=\"auto, (max-width: 300px) 100vw, 300px\" \/><\/figure>\n<\/div><\/div>\n\n\n\n<div class=\"wp-block-column is-layout-flow wp-block-column-is-layout-flow\">\n<p>T\u1ea5t nhi\u00ean l\u00e0 \u0111\u01b0\u1ee3c. Nh\u01b0ng t\u00f9y v\u00e0o t\u1eebng tr\u01b0\u1eddng m\u00e0 s\u1ef1 chu\u1ea9n b\u1ecb cho k\u1ef3 thi \u0111\u1ea7u v\u00e0o s\u1ebd ho\u00e0n to\u00e0n kh\u00e1c nhau.<\/p>\n\n\n\n<p>Ki\u1ebfn th\u1ee9c \u0111\u01b0\u1ee3c h\u1ecdc \u1edf tr\u01b0\u1eddng trung h\u1ecdc ph\u1ed5 th\u00f4ng c\u1ee7a Nh\u1eadt B\u1ea3n c\u00f3 th\u1ec3 kh\u00e1c v\u1edbi nh\u1eefng g\u00ec b\u1ea1n \u0111\u00e3 h\u1ecdc cho \u0111\u1ebfn b\u00e2y gi\u1edd.<\/p>\n\n\n\n<p>H\u00e3y v\u1eeba h\u1ecdc v\u00e0 c\u00f9ng nhau trao \u0111\u1ed5i nhi\u1ec1u h\u01a1n nh\u00e9.<\/p>\n<\/div>\n<\/div>\n\n\n\n<div class=\"wp-block-columns is-layout-flex wp-container-core-columns-is-layout-9d6595d7 wp-block-columns-is-layout-flex\">\n<div class=\"wp-block-column is-vertically-aligned-center is-layout-flow wp-block-column-is-layout-flow\">\n<div class=\"wp-block-buttons alignwide is-horizontal is-content-justification-center is-layout-flex wp-container-core-buttons-is-layout-499968f5 wp-block-buttons-is-layout-flex\">\n<div class=\"wp-block-button has-custom-width wp-block-button__width-50 is-style-fill\"><a class=\"wp-block-button__link has-black-color has-cyan-bluish-gray-background-color has-text-color has-background has-large-font-size has-custom-font-size wp-element-button\" href=\"https:\/\/nihongobox.jp\/asudoor\/vi\/price\/\" style=\"border-radius:50px\"><strong>FEE<\/strong><\/a><\/div>\n<\/div>\n<\/div>\n\n\n\n<div class=\"wp-block-column is-vertically-aligned-center is-layout-flow wp-block-column-is-layout-flow\">\n<div class=\"wp-block-buttons is-horizontal is-content-justification-center is-layout-flex wp-container-core-buttons-is-layout-499968f5 wp-block-buttons-is-layout-flex\">\n<div class=\"wp-block-button has-custom-width wp-block-button__width-100\"><a class=\"wp-block-button__link has-black-color has-cyan-bluish-gray-background-color has-text-color has-background has-large-font-size has-custom-font-size wp-element-button\" href=\"https:\/\/nihongobox.jp\/asudoor\/vi\/contact\/\" style=\"border-radius:50px\"><strong>CONTACT<\/strong><\/a><\/div>\n<\/div>\n<\/div>\n<\/div>\n\n\n\n<p class=\"has-text-align-center has-medium-font-size\"><strong> <strong>\"Asudoor\" l\u00e0 \"c\u00e1nh c\u1eeda \u0111\u1ebfn ng\u00e0y mai\" <\/strong> <\/strong><\/p>\n\n\n\n<div style=\"height:30px\" aria-hidden=\"true\" class=\"wp-block-spacer\"><\/div>\n\n\n\n<p class=\"has-text-align-center\"> H\u00e3y xin, s\u1ebd \u0111\u01b0\u1ee3c; h\u00e3y t\u00ecm, s\u1ebd g\u1eb7p; h\u00e3y g\u00f5 c\u1eeda, s\u1ebd m\u1edf cho.<br>\uff08Ma-thi-\u01a1&nbsp;7:7\uff09<\/p>\n\n\n\n<div style=\"height:30px\" aria-hidden=\"true\" class=\"wp-block-spacer\"><\/div>\n\n\n\n<div class=\"wp-block-columns has-2-columns is-layout-flex wp-container-core-columns-is-layout-9d6595d7 wp-block-columns-is-layout-flex\">\n<div class=\"wp-block-column is-layout-flow wp-block-column-is-layout-flow\">\n<p>N\u1ebfu b\u1ea1n t\u1eeb b\u1ecf v\u00e0 kh\u00f4ng l\u00e0m g\u00ec c\u1ea3, s\u1ebd kh\u00f4ng c\u00f3 g\u00ec thay \u0111\u1ed5i.<\/p>\n\n\n\n<p>Nh\u01b0ng, n\u1ebfu b\u1ea1n h\u00e0nh \u0111\u1ed9ng, b\u1ea1n c\u00f3 th\u1ec3 thay \u0111\u1ed5i.<\/p>\n\n\n\n<p>Nh\u1ea5t \u0111\u1ecbnh c\u1eeda s\u1ebd m\u1edf ra. H\u00e3y g\u00f5 c\u00e1nh c\u1eeda \u0111\u1ebfn ng\u00e0y mai.<\/p>\n<\/div>\n\n\n\n<div class=\"wp-block-column is-layout-flow wp-block-column-is-layout-flow\"><div class=\"wp-block-image\">\n<figure class=\"aligncenter\"><img loading=\"lazy\" decoding=\"async\" width=\"300\" height=\"216\" src=\"https:\/\/nihongobox.jp\/asudoor\/wp-content\/uploads\/sites\/3\/2019\/09\/\u5199\u771f-2019-09-09-22-32-09-300x216.jpg\" alt=\"\" class=\"wp-image-61\" srcset=\"https:\/\/nihongobox.jp\/asudoor\/wp-content\/uploads\/sites\/3\/2019\/09\/\u5199\u771f-2019-09-09-22-32-09-300x216.jpg 300w, https:\/\/nihongobox.jp\/asudoor\/wp-content\/uploads\/sites\/3\/2019\/09\/\u5199\u771f-2019-09-09-22-32-09-768x553.jpg 768w, https:\/\/nihongobox.jp\/asudoor\/wp-content\/uploads\/sites\/3\/2019\/09\/\u5199\u771f-2019-09-09-22-32-09-1024x737.jpg 1024w\" sizes=\"auto, (max-width: 300px) 100vw, 300px\" \/><\/figure>\n<\/div>\n\n\n<p><\/p>\n<\/div>\n<\/div>\n\n\n\n<div style=\"height:50px\" aria-hidden=\"true\" class=\"wp-block-spacer\"><\/div>\n\n\n\n<p class=\"has-text-align-center has-medium-font-size\"><strong> <strong>Ng\u01b0\u1eddi \u0111\u1ea1i di\u1ec7n<\/strong> <\/strong><\/p>\n\n\n\n<div class=\"wp-block-columns has-2-columns is-layout-flex wp-container-core-columns-is-layout-9d6595d7 wp-block-columns-is-layout-flex\">\n<div class=\"wp-block-column is-layout-flow wp-block-column-is-layout-flow\">\n<p class=\"has-text-align-center has-medium-font-size\">  Matsumoto Rei <\/p>\n\n\n<div class=\"wp-block-image\">\n<figure class=\"aligncenter size-large is-resized\"><img loading=\"lazy\" decoding=\"async\" width=\"795\" height=\"1024\" src=\"https:\/\/nihongobox.jp\/asudoor\/wp-content\/uploads\/sites\/3\/2020\/08\/\u30d7\u30ed\u30d5\u30a3\u30fc\u30eb\u5199\u771f2020.6\uff5e-1-795x1024.jpg\" alt=\"\" class=\"wp-image-198\" style=\"width:174px;height:223px\" srcset=\"https:\/\/nihongobox.jp\/asudoor\/wp-content\/uploads\/sites\/3\/2020\/08\/\u30d7\u30ed\u30d5\u30a3\u30fc\u30eb\u5199\u771f2020.6\uff5e-1-795x1024.jpg 795w, https:\/\/nihongobox.jp\/asudoor\/wp-content\/uploads\/sites\/3\/2020\/08\/\u30d7\u30ed\u30d5\u30a3\u30fc\u30eb\u5199\u771f2020.6\uff5e-1-233x300.jpg 233w, https:\/\/nihongobox.jp\/asudoor\/wp-content\/uploads\/sites\/3\/2020\/08\/\u30d7\u30ed\u30d5\u30a3\u30fc\u30eb\u5199\u771f2020.6\uff5e-1-768x989.jpg 768w, https:\/\/nihongobox.jp\/asudoor\/wp-content\/uploads\/sites\/3\/2020\/08\/\u30d7\u30ed\u30d5\u30a3\u30fc\u30eb\u5199\u771f2020.6\uff5e-1.jpg 1092w\" sizes=\"auto, (max-width: 795px) 100vw, 795px\" \/><\/figure>\n<\/div><\/div>\n\n\n\n<div class=\"wp-block-column is-layout-flow wp-block-column-is-layout-flow\">\n<p>Sinh n\u0103m 1980 hi\u1ec7n 45 tu\u1ed5i.<\/p>\n\n\n\n<p>T\u1ed1t nghi\u1ec7p Khoa Kinh t\u1ebf, \u0110\u1ea1i h\u1ecdc Nagoya.<\/p>\n\n\n\n<p>Sau khi t\u1ed1t nghi\u1ec7p \u0111\u1ea1i h\u1ecdc, t\u00f4i l\u00e0m vi\u1ec7c t\u1ea1i m\u1ed9t tr\u01b0\u1eddng d\u1ea1y ti\u1ebfng Nh\u1eadt \u1edf Th\u00e2m Quy\u1ebfn v\u00e0 B\u1eafc Kinh (Trung Qu\u1ed1c) v\u1edbi t\u01b0 c\u00e1ch l\u00e0 gi\u00e1o vi\u00ean d\u1ea1y ti\u1ebfng Nh\u1eadt.<\/p>\n\n\n\n<p>Tr\u1edf v\u1ec1 Nh\u1eadt, t\u00f4i l\u00e0m vi\u1ec7c cho m\u1ed9t tr\u01b0\u1eddng luy\u1ec7n thi l\u1edbn. T\u00f4i c\u0169ng \u0111\u1ea3m nhi\u1ec7m v\u1ecb tr\u00ed qu\u1ea3n l\u00fd l\u1edbp.<\/p>\n\n\n\n<p>Sau \u0111\u00f3, t\u00f4i tr\u1edf l\u1ea1i l\u00e0m gi\u00e1o vi\u00ean ti\u1ebfng Nh\u1eadt v\u00e0 c\u0169ng ch\u1ee7 nhi\u1ec7m ch\u1ec9 \u0111\u1ea1o \u0111\u1ecbnh h\u01b0\u1edbng ngh\u1ec1 nghi\u1ec7p t\u1ea1i tr\u01b0\u1eddng d\u1ea1y ti\u1ebfng Nh\u1eadt.<\/p>\n\n\n\n<p>T\u00f4i b\u1eaft \u0111\u1ea7u \u201casudoa\u201d v\u00e0o n\u0103m 2016.<\/p>\n\n\n\n<p>Hi\u1ec7n t\u1ea1i, t\u00f4i \u0111ang l\u00e0 gi\u1ea3ng vi\u00ean kh\u00f3a \u0111\u00e0o t\u1ea1o gi\u00e1o vi\u00ean ti\u1ebfng Nh\u1eadt, v\u00e0 c\u0169ng l\u00e0 gi\u1ea3ng vi\u00ean t\u1ea1i tr\u01b0\u1eddng chuy\u00ean m\u00f4n (tr\u01b0\u1eddng ngh\u1ec1).<\/p>\n\n\n\n<p>V\u1ee3 ch\u1ed3ng t\u00f4i \u0111\u1ec1u l\u00e0 gi\u00e1o vi\u00ean ti\u1ebfng Nh\u1eadt.<\/p>\n<\/div>\n<\/div>\n\n\n\n<div style=\"height:20px\" aria-hidden=\"true\" class=\"wp-block-spacer\"><\/div>\n\n\n\n<div class=\"wp-block-media-text alignwide has-media-on-the-right\" style=\"grid-template-columns:auto 35%\"><div class=\"wp-block-media-text__content\">\n<p class=\"has-text-align-center\">\u4e2d\u65e5\u65b0\u805e\u3067\u7d39\u4ecb\u3055\u308c\u307e\u3057\u305f\u3002<br>\uff082016\u5e7411\u670827\u65e5\u671d\u520a\uff09<\/p>\n<\/div><figure class=\"wp-block-media-text__media\"><img loading=\"lazy\" decoding=\"async\" width=\"945\" height=\"810\" src=\"https:\/\/nihongobox.jp\/asudoor\/wp-content\/uploads\/sites\/3\/2019\/09\/\u4e2d\u65e5\u65b0\u805e.jpg\" alt=\"\" class=\"wp-image-53 size-full\" srcset=\"https:\/\/nihongobox.jp\/asudoor\/wp-content\/uploads\/sites\/3\/2019\/09\/\u4e2d\u65e5\u65b0\u805e.jpg 945w, https:\/\/nihongobox.jp\/asudoor\/wp-content\/uploads\/sites\/3\/2019\/09\/\u4e2d\u65e5\u65b0\u805e-300x257.jpg 300w, https:\/\/nihongobox.jp\/asudoor\/wp-content\/uploads\/sites\/3\/2019\/09\/\u4e2d\u65e5\u65b0\u805e-768x658.jpg 768w\" sizes=\"auto, (max-width: 945px) 100vw, 945px\" \/><\/figure><\/div>\n","protected":false},"excerpt":{"rendered":"<p>B\u1ea1n \u0111ang \u0111i h\u1ecdc \u1edf tr\u01b0\u1eddng, nh\u01b0ng b\u1ea1n kh\u00f4ng hi\u1ec3u c\u00e1c b\u00e0i gi\u1ea3ng\u2026 \u2026 nh\u1eefng t\u1eeb ng\u1eef \u0111\u01b0\u1ee3c s\u1eed d\u1ee5ng trong b\u00e0i th\u1eadt l\u00e0 kh\u00f3! \u2026 b\u1ea1n hi\u1ec3u \u0111\u1ea1i kh\u00e1i \u00fd ngh\u0129a c\u1ee7a c\u00e1c t\u1eeb, nh\u01b0ng t\u1ed1c \u0111\u1ed9 gi\u1ea3ng l\u1ea1i nhanh! N\u1ebfu b\u1ea1n c\u1ea3m th\u1ea5y kh\u00f3 kh\u0103n, h\u00e3y c\u00f9ng h\u1ecdc v\u1edbi ch\u00fang t\u00f4i. Chu\u1ea9n b\u1ecb [&hellip;]<\/p>\n","protected":false},"author":1,"featured_media":0,"parent":0,"menu_order":0,"comment_status":"closed","ping_status":"closed","template":"","meta":{"_locale":"vi","_original_post":"https:\/\/nihongobox.jp\/asudoor\/?page_id=12","footnotes":""},"class_list":["post-494","page","type-page","status-publish","hentry","vi"],"_links":{"self":[{"href":"https:\/\/nihongobox.jp\/asudoor\/wp-json\/wp\/v2\/pages\/494","targetHints":{"allow":["GET"]}}],"collection":[{"href":"https:\/\/nihongobox.jp\/asudoor\/wp-json\/wp\/v2\/pages"}],"about":[{"href":"https:\/\/nihongobox.jp\/asudoor\/wp-json\/wp\/v2\/types\/page"}],"author":[{"embeddable":true,"href":"https:\/\/nihongobox.jp\/asudoor\/wp-json\/wp\/v2\/users\/1"}],"replies":[{"embeddable":true,"href":"https:\/\/nihongobox.jp\/asudoor\/wp-json\/wp\/v2\/comments?post=494"}],"version-history":[{"count":7,"href":"https:\/\/nihongobox.jp\/asudoor\/wp-json\/wp\/v2\/pages\/494\/revisions"}],"predecessor-version":[{"id":724,"href":"https:\/\/nihongobox.jp\/asudoor\/wp-json\/wp\/v2\/pages\/494\/revisions\/724"}],"wp:attachment":[{"href":"https:\/\/nihongobox.jp\/asudoor\/wp-json\/wp\/v2\/media?parent=494"}],"curies":[{"name":"wp","href":"https:\/\/api.w.org\/{rel}","templated":true}]}}