{"id":511,"date":"2022-03-14T21:25:03","date_gmt":"2022-03-14T12:25:03","guid":{"rendered":"https:\/\/nihongobox.jp\/asudoor\/?page_id=511"},"modified":"2022-03-14T21:27:01","modified_gmt":"2022-03-14T12:27:01","slug":"access","status":"publish","type":"page","link":"https:\/\/nihongobox.jp\/asudoor\/vi\/access\/","title":{"rendered":"ACCESS"},"content":{"rendered":"\n<p>\u4f4f\u6240\uff1a\u540d\u53e4\u5c4b\u5e02\u4e2d\u6751\u533a\u5247\u6b661\u4e01\u76ee12\u756a1\u53f7\u3000\u540d\u53e4\u5c4b\u99c5\u897f\u30d3\u30eb403<\/p>\n\n\n\n<p>\u540d\u53e4\u5c4b\u99c5\u3000\u592a\u95a4\u901a\u53e3\u304b\u3089\u6b69\u3044\u30665\u5206<\/p>\n\n\n\n<iframe loading=\"lazy\" src=\"https:\/\/www.google.com\/maps\/embed?pb=!1m18!1m12!1m3!1d3261.3631205076863!2d136.87554511524505!3d35.17250108031594!2m3!1f0!2f0!3f0!3m2!1i1024!2i768!4f13.1!3m3!1m2!1s0x600376e99f8943d3%3A0x15bbdf6f442044dd!2z44CSNDUzLTAwMTQg5oSb55-l55yM5ZCN5Y-k5bGL5biC5Lit5p2R5Yy65YmH5q2m77yR5LiB55uu77yR77yS4oiS77yR!5e0!3m2!1sja!2sjp!4v1565110711167!5m2!1sja!2sjp\" style=\"border:0\" allowfullscreen=\"\" width=\"600\" height=\"450\" frameborder=\"0\"><\/iframe>\n\n\n\n<p>Kh\u00f4ng c\u00f3 b\u00e3i \u0111\u1ed7 xe \u00f4 t\u00f4<br>H\u00e3y \u0111i t\u00e0u ho\u1eb7c s\u1eed d\u1ee5ng b\u00e3i \u0111\u1ed7 xe ngo\u00e0i<\/p>\n\n\n\n<div style=\"height:50px\" aria-hidden=\"true\" class=\"wp-block-spacer\"><\/div>\n\n\n\n<p class=\"has-medium-font-size\"><strong>C\u00e1ch di chuy\u1ec3n t\u1eeb ga Nagoya<\/strong><\/p>\n\n\n\n<div class=\"wp-block-media-text\" style=\"grid-template-columns:31% auto\"><figure class=\"wp-block-media-text__media\"><img loading=\"lazy\" decoding=\"async\" width=\"768\" height=\"1024\" src=\"https:\/\/nihongobox.jp\/asudoor\/wp-content\/uploads\/sites\/3\/2019\/09\/1\u30d3\u30c3\u30af\u30ab\u30e1\u30e9\u524d\u306e\u9053resize-e1568029012515-768x1024.jpg\" alt=\"\" class=\"wp-image-42 size-full\" srcset=\"https:\/\/nihongobox.jp\/asudoor\/wp-content\/uploads\/sites\/3\/2019\/09\/1\u30d3\u30c3\u30af\u30ab\u30e1\u30e9\u524d\u306e\u9053resize-e1568029012515-768x1024.jpg 768w, https:\/\/nihongobox.jp\/asudoor\/wp-content\/uploads\/sites\/3\/2019\/09\/1\u30d3\u30c3\u30af\u30ab\u30e1\u30e9\u524d\u306e\u9053resize-e1568029012515-225x300.jpg 225w, https:\/\/nihongobox.jp\/asudoor\/wp-content\/uploads\/sites\/3\/2019\/09\/1\u30d3\u30c3\u30af\u30ab\u30e1\u30e9\u524d\u306e\u9053resize-e1568029012515.jpg 1282w\" sizes=\"auto, (max-width: 768px) 100vw, 768px\" \/><\/figure><div class=\"wp-block-media-text__content\">\n<p>\u0110i t\u1edbi tr\u01b0\u1edbc Bic Camera r\u1ed3i h\u01b0\u1edbng sang ph\u1ea3i<\/p>\n\n\n\n<p>R\u1ebd tr\u00e1i \u1edf ch\u1ed7 \u0111\u00e8n giao th\u00f4ng \u0111\u1ea7u ti\u00ean<\/p>\n<\/div><\/div>\n\n\n\n<div class=\"wp-block-media-text has-media-on-the-right\" style=\"grid-template-columns:auto 31%\"><figure class=\"wp-block-media-text__media\"><img loading=\"lazy\" decoding=\"async\" width=\"768\" height=\"1024\" src=\"https:\/\/nihongobox.jp\/asudoor\/wp-content\/uploads\/sites\/3\/2019\/09\/2\u30c1\u30b5\u30f3\u30a4\u30f3\u30db\u30c6\u30ebresize-e1568029002282-768x1024.jpg\" alt=\"\" class=\"wp-image-43 size-full\" srcset=\"https:\/\/nihongobox.jp\/asudoor\/wp-content\/uploads\/sites\/3\/2019\/09\/2\u30c1\u30b5\u30f3\u30a4\u30f3\u30db\u30c6\u30ebresize-e1568029002282-768x1024.jpg 768w, https:\/\/nihongobox.jp\/asudoor\/wp-content\/uploads\/sites\/3\/2019\/09\/2\u30c1\u30b5\u30f3\u30a4\u30f3\u30db\u30c6\u30ebresize-e1568029002282-225x300.jpg 225w, https:\/\/nihongobox.jp\/asudoor\/wp-content\/uploads\/sites\/3\/2019\/09\/2\u30c1\u30b5\u30f3\u30a4\u30f3\u30db\u30c6\u30ebresize-e1568029002282.jpg 1033w\" sizes=\"auto, (max-width: 768px) 100vw, 768px\" \/><\/figure><div class=\"wp-block-media-text__content\">\n<p>B\u1ea1n s\u1ebd th\u1ea5y Kh\u00e1ch s\u1ea1n CHISUN<\/p>\n\n\n\n<p>H\u00e3y \u0111i v\u1ec1 ph\u00eda g\u00f3c ph\u1ea3i c\u1ee7a kh\u00e1ch s\u1ea1n<\/p>\n<\/div><\/div>\n\n\n\n<div class=\"wp-block-media-text\" style=\"grid-template-columns:31% auto\"><figure class=\"wp-block-media-text__media\"><img loading=\"lazy\" decoding=\"async\" width=\"768\" height=\"1024\" src=\"https:\/\/nihongobox.jp\/asudoor\/wp-content\/uploads\/sites\/3\/2019\/09\/3\u30c1\u30b5\u30f3\u30a4\u30f3\u524d\u306e\u9053resize-768x1024.jpeg\" alt=\"\" class=\"wp-image-44 size-full\" srcset=\"https:\/\/nihongobox.jp\/asudoor\/wp-content\/uploads\/sites\/3\/2019\/09\/3\u30c1\u30b5\u30f3\u30a4\u30f3\u524d\u306e\u9053resize-768x1024.jpeg 768w, https:\/\/nihongobox.jp\/asudoor\/wp-content\/uploads\/sites\/3\/2019\/09\/3\u30c1\u30b5\u30f3\u30a4\u30f3\u524d\u306e\u9053resize-225x300.jpeg 225w, https:\/\/nihongobox.jp\/asudoor\/wp-content\/uploads\/sites\/3\/2019\/09\/3\u30c1\u30b5\u30f3\u30a4\u30f3\u524d\u306e\u9053resize.jpeg 895w\" sizes=\"auto, (max-width: 768px) 100vw, 768px\" \/><\/figure><div class=\"wp-block-media-text__content\">\n<p>B\u00ean c\u1ea1nh kh\u00e1ch s\u1ea1n n\u00e0y l\u00e0 \u201cT\u00f2a nh\u00e0 ph\u00eda T\u00e2y ga Nagoya\u201d<\/p>\n<\/div><\/div>\n\n\n\n<div class=\"wp-block-media-text has-media-on-the-right\" style=\"grid-template-columns:auto 30%\"><figure class=\"wp-block-media-text__media\"><img loading=\"lazy\" decoding=\"async\" width=\"768\" height=\"1024\" src=\"https:\/\/nihongobox.jp\/asudoor\/wp-content\/uploads\/sites\/3\/2019\/09\/4\u30d3\u30eb\u5165\u53e3resize-768x1024.jpeg\" alt=\"\" class=\"wp-image-45 size-full\" srcset=\"https:\/\/nihongobox.jp\/asudoor\/wp-content\/uploads\/sites\/3\/2019\/09\/4\u30d3\u30eb\u5165\u53e3resize-768x1024.jpeg 768w, https:\/\/nihongobox.jp\/asudoor\/wp-content\/uploads\/sites\/3\/2019\/09\/4\u30d3\u30eb\u5165\u53e3resize-225x300.jpeg 225w, https:\/\/nihongobox.jp\/asudoor\/wp-content\/uploads\/sites\/3\/2019\/09\/4\u30d3\u30eb\u5165\u53e3resize.jpeg 1033w\" sizes=\"auto, (max-width: 768px) 100vw, 768px\" \/><\/figure><div class=\"wp-block-media-text__content\">\n<p>\u0110i l\u00ean t\u1ea7ng 4 c\u1ee7a t\u00f2a nh\u00e0<\/p>\n\n\n\n<p>Kh\u00f4ng c\u00f3 thang m\u00e1y<\/p>\n<\/div><\/div>\n","protected":false},"excerpt":{"rendered":"<p>\u4f4f\u6240\uff1a\u540d\u53e4\u5c4b\u5e02\u4e2d\u6751\u533a\u5247\u6b661\u4e01\u76ee12\u756a1\u53f7\u3000\u540d\u53e4\u5c4b\u99c5\u897f\u30d3\u30eb403 \u540d\u53e4\u5c4b\u99c5\u3000\u592a\u95a4\u901a\u53e3\u304b\u3089\u6b69\u3044\u30665\u5206 Kh\u00f4ng c\u00f3 b\u00e3i \u0111\u1ed7 xe \u00f4 t\u00f4H\u00e3y \u0111i t\u00e0u ho\u1eb7c s\u1eed d\u1ee5ng b\u00e3i \u0111\u1ed7 xe ngo\u00e0i C\u00e1ch di chuy\u1ec3n t\u1eeb ga Nagoya \u0110i t\u1edbi tr\u01b0\u1edbc Bic Camera r\u1ed3i h\u01b0\u1edbng sang ph\u1ea3i R\u1ebd tr\u00e1i \u1edf ch\u1ed7 \u0111\u00e8n giao th\u00f4ng \u0111\u1ea7u ti\u00ean B\u1ea1n s\u1ebd th\u1ea5y Kh\u00e1ch s\u1ea1n CHISUN H\u00e3y \u0111i v\u1ec1 ph\u00eda g\u00f3c ph\u1ea3i c\u1ee7a [&hellip;]<\/p>\n","protected":false},"author":1,"featured_media":0,"parent":0,"menu_order":0,"comment_status":"closed","ping_status":"closed","template":"","meta":{"_locale":"vi","_original_post":"https:\/\/nihongobox.jp\/asudoor\/?page_id=9","footnotes":""},"class_list":["post-511","page","type-page","status-publish","hentry","vi"],"_links":{"self":[{"href":"https:\/\/nihongobox.jp\/asudoor\/wp-json\/wp\/v2\/pages\/511","targetHints":{"allow":["GET"]}}],"collection":[{"href":"https:\/\/nihongobox.jp\/asudoor\/wp-json\/wp\/v2\/pages"}],"about":[{"href":"https:\/\/nihongobox.jp\/asudoor\/wp-json\/wp\/v2\/types\/page"}],"author":[{"embeddable":true,"href":"https:\/\/nihongobox.jp\/asudoor\/wp-json\/wp\/v2\/users\/1"}],"replies":[{"embeddable":true,"href":"https:\/\/nihongobox.jp\/asudoor\/wp-json\/wp\/v2\/comments?post=511"}],"version-history":[{"count":1,"href":"https:\/\/nihongobox.jp\/asudoor\/wp-json\/wp\/v2\/pages\/511\/revisions"}],"predecessor-version":[{"id":512,"href":"https:\/\/nihongobox.jp\/asudoor\/wp-json\/wp\/v2\/pages\/511\/revisions\/512"}],"wp:attachment":[{"href":"https:\/\/nihongobox.jp\/asudoor\/wp-json\/wp\/v2\/media?parent=511"}],"curies":[{"name":"wp","href":"https:\/\/api.w.org\/{rel}","templated":true}]}}