{"id":647,"date":"2022-03-15T18:55:37","date_gmt":"2022-03-15T09:55:37","guid":{"rendered":"https:\/\/nihongobox.jp\/asudoor\/?page_id=647"},"modified":"2022-03-15T18:55:38","modified_gmt":"2022-03-15T09:55:38","slug":"contact","status":"publish","type":"page","link":"https:\/\/nihongobox.jp\/asudoor\/vi\/contact\/","title":{"rendered":"CONTACT"},"content":{"rendered":"\n<p>E-mail\uff1aasudoor@gmail.com<\/p>\n\n\n\n<p>Tel\uff1a090-4403-8776\uff08Matsumoto\uff09<\/p>\n\n\n\n<div class=\"wpcf7 no-js\" id=\"wpcf7-f646-o1\" lang=\"ja\" dir=\"ltr\" data-wpcf7-id=\"646\">\n<div class=\"screen-reader-response\"><p role=\"status\" aria-live=\"polite\" aria-atomic=\"true\"><\/p> <ul><\/ul><\/div>\n<form action=\"\/asudoor\/vi\/wp-json\/wp\/v2\/pages\/647#wpcf7-f646-o1\" method=\"post\" class=\"wpcf7-form init\" aria-label=\"\u30b3\u30f3\u30bf\u30af\u30c8\u30d5\u30a9\u30fc\u30e0\" novalidate=\"novalidate\" data-status=\"init\">\n<fieldset class=\"hidden-fields-container\"><input type=\"hidden\" name=\"_wpcf7\" value=\"646\" \/><input type=\"hidden\" name=\"_wpcf7_version\" value=\"6.1.5\" \/><input type=\"hidden\" name=\"_wpcf7_locale\" value=\"ja\" \/><input type=\"hidden\" name=\"_wpcf7_unit_tag\" value=\"wpcf7-f646-o1\" \/><input type=\"hidden\" name=\"_wpcf7_container_post\" value=\"0\" \/><input type=\"hidden\" name=\"_wpcf7_posted_data_hash\" value=\"\" \/>\n<\/fieldset>\n<p><label> H\u1ecd t\u00ean<br \/>\n<span class=\"wpcf7-form-control-wrap\" data-name=\"your-name\"><input size=\"40\" maxlength=\"400\" class=\"wpcf7-form-control wpcf7-text wpcf7-validates-as-required\" aria-required=\"true\" aria-invalid=\"false\" value=\"\" type=\"text\" name=\"your-name\" \/><\/span> <\/label>\n<\/p>\n<p><label> H\u1ecd t\u00ean\uff08Katakana\uff09<br \/>\n<span class=\"wpcf7-form-control-wrap\" data-name=\"your-namekana\"><input size=\"40\" maxlength=\"400\" class=\"wpcf7-form-control wpcf7-text wpcf7-validates-as-required\" aria-required=\"true\" aria-invalid=\"false\" value=\"\" type=\"text\" name=\"your-namekana\" \/><\/span> <\/label>\n<\/p>\n<p><label> Email<br \/>\n<span class=\"wpcf7-form-control-wrap\" data-name=\"your-email\"><input size=\"40\" maxlength=\"400\" class=\"wpcf7-form-control wpcf7-email wpcf7-validates-as-required wpcf7-text wpcf7-validates-as-email\" aria-required=\"true\" aria-invalid=\"false\" value=\"\" type=\"email\" name=\"your-email\" \/><\/span> <\/label>\n<\/p>\n<p><label> S\u1ed1 \u0111i\u1ec7n tho\u1ea1i<br \/>\n<span class=\"wpcf7-form-control-wrap\" data-name=\"your-tel\"><input size=\"40\" maxlength=\"400\" class=\"wpcf7-form-control wpcf7-text wpcf7-validates-as-required\" aria-required=\"true\" aria-invalid=\"false\" value=\"\" type=\"text\" name=\"your-tel\" \/><\/span> <\/label>\n<\/p>\n<p><label> Y\u00eau c\u1ea7u<\/label><br \/>\n<span class=\"wpcf7-form-control-wrap\" data-name=\"radio-947\"><span class=\"wpcf7-form-control wpcf7-radio\"><span class=\"wpcf7-list-item first\"><input type=\"radio\" name=\"radio-947\" value=\"Mu\u1ed1n trao \u0111\u1ed5i v\u1ec1 kh\u00f3a h\u1ecdc\" checked=\"checked\" \/><span class=\"wpcf7-list-item-label\">Mu\u1ed1n trao \u0111\u1ed5i v\u1ec1 kh\u00f3a h\u1ecdc<\/span><\/span><span class=\"wpcf7-list-item\"><input type=\"radio\" name=\"radio-947\" value=\"Mu\u1ed1n \u0111\u01b0\u1ee3c gi\u1ea3i th\u00edch k\u0129 h\u01a1n v\u1ec1 kh\u00f3a h\u1ecdc\" \/><span class=\"wpcf7-list-item-label\">Mu\u1ed1n \u0111\u01b0\u1ee3c gi\u1ea3i th\u00edch k\u0129 h\u01a1n v\u1ec1 kh\u00f3a h\u1ecdc<\/span><\/span><span class=\"wpcf7-list-item\"><input type=\"radio\" name=\"radio-947\" value=\"Mu\u1ed1n xem th\u1eed l\u1edbp h\u1ecdc\" \/><span class=\"wpcf7-list-item-label\">Mu\u1ed1n xem th\u1eed l\u1edbp h\u1ecdc<\/span><\/span><span class=\"wpcf7-list-item last\"><input type=\"radio\" name=\"radio-947\" value=\"V\u1ea5n \u0111\u1ec1 kh\u00e1c\" \/><span class=\"wpcf7-list-item-label\">V\u1ea5n \u0111\u1ec1 kh\u00e1c<\/span><\/span><\/span><\/span>\n<\/p>\n<p><label> L\u1eddi nh\u1eafn<br \/>\n<span class=\"wpcf7-form-control-wrap\" data-name=\"your-message\"><textarea cols=\"40\" rows=\"10\" maxlength=\"2000\" class=\"wpcf7-form-control wpcf7-textarea\" aria-invalid=\"false\" name=\"your-message\"><\/textarea><\/span> <\/label>\n<\/p>\n<p><span class=\"wpcf7-form-control-wrap\" data-name=\"acceptance-166\"><span class=\"wpcf7-form-control wpcf7-acceptance\"><span class=\"wpcf7-list-item\"><label><input type=\"checkbox\" name=\"acceptance-166\" value=\"1\" aria-invalid=\"false\" \/><span class=\"wpcf7-list-item-label\">H\u00e3y \u0111\u00e1nh d\u1ea5u t\u00edch sau khi ki\u1ec3m tra n\u1ed9i dung \u0111\u00e3 \u0111i\u1ec1n\uff08Kh\u00f4ng th\u1ec3 g\u1eedi \u0111i n\u1ebfu kh\u00f4ng \u0111\u00e1nh d\u1ea5u t\u00edch\uff09<\/span><\/label><\/span><\/span><\/span>\n<\/p>\n<p><input class=\"wpcf7-form-control wpcf7-submit has-spinner\" type=\"submit\" value=\"g\u1eedi\" \/>\n<\/p><p style=\"display: none !important;\" class=\"akismet-fields-container\" data-prefix=\"_wpcf7_ak_\"><label>&#916;<textarea name=\"_wpcf7_ak_hp_textarea\" cols=\"45\" rows=\"8\" maxlength=\"100\"><\/textarea><\/label><input type=\"hidden\" id=\"ak_js_1\" name=\"_wpcf7_ak_js\" value=\"16\"\/><script>document.getElementById( \"ak_js_1\" ).setAttribute( \"value\", ( new Date() ).getTime() );<\/script><\/p><div class=\"wpcf7-response-output\" aria-hidden=\"true\"><\/div>\n<\/form>\n<\/div>\n\n\n\n\n<p><\/p>\n","protected":false},"excerpt":{"rendered":"<p>E-mail\uff1aasudoor@gmail.com Tel\uff1a090-4403-8776\uff08Matsumoto\uff09<\/p>\n","protected":false},"author":1,"featured_media":0,"parent":0,"menu_order":0,"comment_status":"closed","ping_status":"closed","template":"","meta":{"_locale":"vi","_original_post":"https:\/\/nihongobox.jp\/asudoor\/?page_id=143","footnotes":""},"class_list":["post-647","page","type-page","status-publish","hentry","vi"],"_links":{"self":[{"href":"https:\/\/nihongobox.jp\/asudoor\/wp-json\/wp\/v2\/pages\/647","targetHints":{"allow":["GET"]}}],"collection":[{"href":"https:\/\/nihongobox.jp\/asudoor\/wp-json\/wp\/v2\/pages"}],"about":[{"href":"https:\/\/nihongobox.jp\/asudoor\/wp-json\/wp\/v2\/types\/page"}],"author":[{"embeddable":true,"href":"https:\/\/nihongobox.jp\/asudoor\/wp-json\/wp\/v2\/users\/1"}],"replies":[{"embeddable":true,"href":"https:\/\/nihongobox.jp\/asudoor\/wp-json\/wp\/v2\/comments?post=647"}],"version-history":[{"count":1,"href":"https:\/\/nihongobox.jp\/asudoor\/wp-json\/wp\/v2\/pages\/647\/revisions"}],"predecessor-version":[{"id":648,"href":"https:\/\/nihongobox.jp\/asudoor\/wp-json\/wp\/v2\/pages\/647\/revisions\/648"}],"wp:attachment":[{"href":"https:\/\/nihongobox.jp\/asudoor\/wp-json\/wp\/v2\/media?parent=647"}],"curies":[{"name":"wp","href":"https:\/\/api.w.org\/{rel}","templated":true}]}}